{"id":37,"date":"2026-02-06T09:56:28","date_gmt":"2026-02-06T09:56:28","guid":{"rendered":"https:\/\/fridussteijlen.nl\/?page_id=37"},"modified":"2026-03-23T12:44:30","modified_gmt":"2026-03-23T12:44:30","slug":"fridus_steijlen","status":"publish","type":"page","link":"https:\/\/fridussteijlen.nl\/index.php\/nl\/","title":{"rendered":"Fridus Steijlen"},"content":{"rendered":"\n<p class=\"has-contrast-2-color has-text-color has-link-color has-small-font-size wp-elements-eda73b9a3da91e9e9b7049fb32351add\">Honorary Fellow \u2014 KITLV, Leiden<br>Emeritus Professor \u2014 Vrije Universiteit Amsterdam<br>Visiting Professor \u2014 Pattimura University<\/p>\n\n\n\n<hr class=\"wp-block-separator has-alpha-channel-opacity\"\/>\n\n\n\n<p>Op deze website breng ik zoveel mogelijk van mijn publicaties bij elkaar en beschikbaar. Je vind ze onder de tabs (populair) wetenschappelijke publicaties en blogs\/columns en onder de tabs audioviseel en visueel. De komende tijd zal ik meer publicaties toevoegen. Mocht je vragen hebben, neem dan contact met me op via de email-button onder aan de pagina.<\/p>\n\n\n\n<p><strong>Antropoloog<\/strong><\/p>\n\n\n\n<p>In 1984 studeerde ik af als antropoloog aan de Universiteit van Amsterdam. Mijn afstudeerscriptie ging over Molukse druggebruikers en Molukse drugshulpverlening in Nederland. Met mijn afstudeer onderzoek werd mijn betrokkenheid met de Molukse gemeenschap onderdeel van mijn wetenschappelijke carri\u00e8re. Die was in 1977 begonnen toen ik lid werd van de Molukse jongeren organisatie Gerakan Pattimura. We organiseerden scholingen en gaven een tijdschrift uit. De Gerakan Pattimura was onderdeel van de linkse Molukse jongeren beweging. Vanuit die jongerenbeweging raakte ik betrokken bij het Indonesi\u00eb comit\u00e9, een solidariteitsbeweging die mensenrechten schendingen in het Indonesi\u00eb van generaal Suharto aan de kaak stelde.&nbsp;<\/p>\n\n\n\n<p><strong>Onderzoeken<\/strong><\/p>\n\n\n\n<p>Na mijn afstuderen heb ik me bezig gehouden met, wat we tegenwoordig noemen, postkoloniale migratie vanuit Indonesi\u00eb, de Indonesische geschiedenis en modern Indonesi\u00eb. Ik was betrokken bij meerdere grootschalige onderzoeken. Zoals co\u00f6rdinator van de Stichting Mondelinge Geschiedenis Indonesi\u00eb (1997-2001), waarvoor we 724 mensen over hun leven in Nederlands-Indi\u00eb\/Indonesi\u00eb interviewden. Tussen 2017 en 2023 als onderzoeker bij een groot onderzoeksprogramma naar het Nederlands geweld in Indonesi\u00eb in de periode 1945-1949. In 2003 startte ik samen met Nederlandse en Indonesische collega\u2019s vanuit het KITLV (Koninklijk Instituut voor Taal-, Land- en Volkende) het audiovisueel documentatieproject, Recording the future,&nbsp; waarin het dagelijks leven op acht locaties in Indonesi\u00eb werd vastgelegd. Ik deed onderzoek naar Indische organisaties in Nederland. En van 2001 tot en met 2005 was ik mede-onderzoeker in het grote wetenschappelijk onderzoek naar de geschiedenis van Molukkers in Nederland, uitgevoerd onder verantwoordelijkheid van het Moluks Historisch Museum, wat in 2006 resulteerde in het naslagwerk \u2018In Nederland gebleven\u2019 dat ik samen met Henk Smeets schreef. In 2025 verscheen het boek opnieuw, aangevuld met een hoofdstuk over wat er sinds 2006 was gebeurd. Drie keer deed ik kort onderzoek naar jongeren uit de Cara\u00efben in Nederland.<\/p>\n\n\n\n<p><strong>Werkzaam bij<\/strong><\/p>\n\n\n\n<p>Vanuit meerdere plekken heb ik mijn werkzaamheden uitgevoerd. De Erasmus universiteit, Stichting Mondelinge Geschiedenis Indonesi\u00eb en het Inspraakorgaan Welzijn Molukkers. Meerdere onderzoeken deed ik vanuit mijn alma mater, de Universiteit van Amsterdam waar ik in 1996 promoveerde. Twee keer vanuit de Vrije Universiteit Amsterdam, eerst als net afgestuurde antropoloog en in 2017 na mijn benoeming als bijzonder hoogleraar Moluks migratie en cultuur in comparatief perspectief aan de sociale faculteit. Deze leerstoel was ingesteld vanwege het Moluks historisch museum dat onderzoeksbudget ter beschikking stelde. Het KITLV, waar ik werkzaam was, was bereid mij een dag per week hiervoor vrij te stellen. Het KITLV was sinds 2001 mijn basis en fundament voor veel onderzoek. Na mijn pensionering, in 2022, ben ik als honorary fellow nog steeds verbonden aan het KITLV en als emeritus professor aan de VU. Ik had tevens de eer om in2023 en 2024 bij de Pattimura Universiteit in Ambon te worden aangesteld als visiting professor.&nbsp;<\/p>\n\n\n\n<p><strong>Publicaties<\/strong><\/p>\n\n\n\n<p>In de loop der jaren heb ik wetenschappelijke en populair wetenschappelijke artikelen, columns en blogs geschreven en gepubliceerd. Die publicaties zijn niet altijd makkelijk te vinden. Sommige omdat ze in papieren tijdschriften staan die in universiteitsbibliotheken liggen. Andere omdat digitale nieuwsbrieven vanwege digitale migraties verdwenen zijn, waardoor bijvoorbeeld de meer dan 60 columns die ik voor de nieuwsbrief van het Moluks Historisch Museum schreef niet meer gelezen kunnen worden.&nbsp;<\/p>\n\n\n\n<p>Deze onvindbaarheid is de reden voor deze website. Het is belangrijk dat de mensen over wie ik heb geschreven toegang hebben tot wat ik met hun verhalen en met mijn observaties heb gedaan.&nbsp;<\/p>\n","protected":false},"excerpt":{"rendered":"<p>Honorary Fellow \u2014 KITLV, LeidenEmeritus Professor \u2014 Vrije Universiteit AmsterdamVisiting Professor \u2014 Pattimura University Op deze website breng ik zoveel mogelijk van mijn publicaties bij elkaar en beschikbaar. Je vind ze onder de tabs (populair) wetenschappelijke publicaties en blogs\/columns en onder de tabs audioviseel en visueel. De komende tijd zal ik meer publicaties toevoegen. Mocht &#8230; <a title=\"Fridus Steijlen\" class=\"read-more\" href=\"https:\/\/fridussteijlen.nl\/index.php\/nl\/\" aria-label=\"Read more about Fridus Steijlen\">Read more<\/a><\/p>\n","protected":false},"author":1,"featured_media":0,"parent":0,"menu_order":0,"comment_status":"closed","ping_status":"closed","template":"","meta":{"_acf_changed":false,"footnotes":"[]"},"class_list":["post-37","page","type-page","status-publish"],"acf":[],"_links":{"self":[{"href":"https:\/\/fridussteijlen.nl\/index.php\/wp-json\/wp\/v2\/pages\/37","targetHints":{"allow":["GET"]}}],"collection":[{"href":"https:\/\/fridussteijlen.nl\/index.php\/wp-json\/wp\/v2\/pages"}],"about":[{"href":"https:\/\/fridussteijlen.nl\/index.php\/wp-json\/wp\/v2\/types\/page"}],"author":[{"embeddable":true,"href":"https:\/\/fridussteijlen.nl\/index.php\/wp-json\/wp\/v2\/users\/1"}],"replies":[{"embeddable":true,"href":"https:\/\/fridussteijlen.nl\/index.php\/wp-json\/wp\/v2\/comments?post=37"}],"version-history":[{"count":21,"href":"https:\/\/fridussteijlen.nl\/index.php\/wp-json\/wp\/v2\/pages\/37\/revisions"}],"predecessor-version":[{"id":744,"href":"https:\/\/fridussteijlen.nl\/index.php\/wp-json\/wp\/v2\/pages\/37\/revisions\/744"}],"wp:attachment":[{"href":"https:\/\/fridussteijlen.nl\/index.php\/wp-json\/wp\/v2\/media?parent=37"}],"curies":[{"name":"wp","href":"https:\/\/api.w.org\/{rel}","templated":true}]}}